{"id":44,"date":"2021-10-16T13:13:48","date_gmt":"2021-10-16T11:13:48","guid":{"rendered":"https:\/\/stabiko.bildung-rp.de\/?page_id=44"},"modified":"2025-03-26T13:56:46","modified_gmt":"2025-03-26T12:56:46","slug":"angebote-des-landes","status":"publish","type":"page","link":"https:\/\/stabiko.bildung-rp.de\/?page_id=44","title":{"rendered":"Angebote des Landes"},"content":{"rendered":"\n<figure class=\"wp-block-image size-large\"><img loading=\"lazy\" width=\"300\" height=\"56\" src=\"https:\/\/stabiko.bildung-rp.de\/wp-content\/uploads\/2025\/03\/img_2818-1-300x56.jpg\" alt=\"\" class=\"wp-image-466\" srcset=\"https:\/\/stabiko.bildung-rp.de\/wp-content\/uploads\/2025\/03\/img_2818-1-300x56.jpg 300w, https:\/\/stabiko.bildung-rp.de\/wp-content\/uploads\/2025\/03\/img_2818-1-768x143.jpg 768w, https:\/\/stabiko.bildung-rp.de\/wp-content\/uploads\/2025\/03\/img_2818-1.jpg 897w\" sizes=\"(max-width: 300px) 100vw, 300px\" \/><\/figure>\n\n\n\n<p>&#8222;Single Sign-on&#8220; ist das gro\u00dfe Stichwort. Ein Plattform die viele Landesl\u00f6sungen unter einem Dach anbietet und bereitstellt.<\/p>\n\n\n\n<p>Schauen Sie <a href=\"https:\/\/www.schulcampus-rlp.de\/dashboard\">hier<\/a> mal rein!<\/p>\n\n\n\n<hr class=\"wp-block-separator has-css-opacity is-style-wide\"\/>\n\n\n\n<hr class=\"wp-block-separator has-css-opacity is-style-wide\"\/>\n\n\n\n<h2 class=\"wp-block-heading\"><b>Der Medienkompass f\u00fcr Grundschulen<\/b><\/h2>\n\n\n\n<div class=\"wp-block-media-text alignwide is-stacked-on-mobile\"><figure class=\"wp-block-media-text__media\"><img loading=\"lazy\" width=\"741\" height=\"1024\" src=\"https:\/\/stabiko.bildung-rp.de\/wp-content\/uploads\/2021\/11\/Bildschirmfoto-2021-11-04-um-14.29.28-741x1024.png\" alt=\"\" class=\"wp-image-70 size-full\" srcset=\"https:\/\/stabiko.bildung-rp.de\/wp-content\/uploads\/2021\/11\/Bildschirmfoto-2021-11-04-um-14.29.28-741x1024.png 741w, https:\/\/stabiko.bildung-rp.de\/wp-content\/uploads\/2021\/11\/Bildschirmfoto-2021-11-04-um-14.29.28-217x300.png 217w, https:\/\/stabiko.bildung-rp.de\/wp-content\/uploads\/2021\/11\/Bildschirmfoto-2021-11-04-um-14.29.28-768x1061.png 768w, https:\/\/stabiko.bildung-rp.de\/wp-content\/uploads\/2021\/11\/Bildschirmfoto-2021-11-04-um-14.29.28.png 1000w\" sizes=\"(max-width: 741px) 100vw, 741px\" \/><\/figure><div class=\"wp-block-media-text__content\">\n<p>Der MedienkomP@ss f\u00fcr die Primar- und Orientierungsstufe ist ein \u201eZertifikatsheft\u201c f\u00fcr Kinder und liegt in einer Printfassung vor, die Sie <strong><a rel=\"noreferrer noopener\" href=\"https:\/\/medienkompass.bildung-rp.de\/fileadmin\/user_upload\/medienkompass.bildung-rp.de\/Dateien-Info\/Dokumente\/Medienkompass_2014_Final_Internet.pdf\" target=\"_blank\">hier<\/a><\/strong> anschauen und herunterladen k\u00f6nnen. Nutzen Sie gerne auch unsere <strong><a rel=\"noreferrer noopener\" href=\"https:\/\/medienkompass.bildung-rp.de\/medienkompss-bestellen.html\" target=\"_blank\">Bestellm\u00f6glichkeit<\/a><\/strong>, um den MedienkomP@ss im Klassensatz oder f\u00fcr die ganze Schule vorzubestellen.<\/p>\n\n\n\n<p>Arbeiten Sie an Ihrer Grundschule bereits mit dem Medienkompass? Wir informieren Sie gerne und bieten Ihrem Kollegium Fortbildungen an.<\/p>\n<\/div><\/div>\n\n\n\n<p><strong>Mastertool wird zu mastertool42.de<\/strong><\/p>\n\n\n\n<p><\/p>\n\n\n\n<p><\/p>\n","protected":false},"excerpt":{"rendered":"<p>&#8222;Single Sign-on&#8220; ist das gro\u00dfe Stichwort. Ein Plattform die viele Landesl\u00f6sungen unter einem Dach anbietet und bereitstellt. Schauen Sie hier mal rein! Der Medienkompass f\u00fcr Grundschulen Der MedienkomP@ss f\u00fcr die Primar- und Orientierungsstufe ist ein \u201eZertifikatsheft\u201c f\u00fcr Kinder und liegt in einer Printfassung vor, die Sie hier anschauen und herunterladen k\u00f6nnen. Nutzen Sie gerne auch &hellip;<\/p>\n<p class=\"read-more\"> <a class=\"\" href=\"https:\/\/stabiko.bildung-rp.de\/?page_id=44\"> <span class=\"screen-reader-text\">Angebote des Landes<\/span> Weiterlesen &raquo;<\/a><\/p>\n","protected":false},"author":2,"featured_media":0,"parent":0,"menu_order":0,"comment_status":"closed","ping_status":"closed","template":"","meta":{"site-sidebar-layout":"default","site-content-layout":"default","ast-global-header-display":"","ast-main-header-display":"","ast-hfb-above-header-display":"","ast-hfb-below-header-display":"","ast-hfb-mobile-header-display":"","site-post-title":"","ast-breadcrumbs-content":"","ast-featured-img":"","footer-sml-layout":"","theme-transparent-header-meta":"","adv-header-id-meta":"","stick-header-meta":"","header-above-stick-meta":"","header-main-stick-meta":"","header-below-stick-meta":"","spay_email":""},"_links":{"self":[{"href":"https:\/\/stabiko.bildung-rp.de\/index.php?rest_route=\/wp\/v2\/pages\/44"}],"collection":[{"href":"https:\/\/stabiko.bildung-rp.de\/index.php?rest_route=\/wp\/v2\/pages"}],"about":[{"href":"https:\/\/stabiko.bildung-rp.de\/index.php?rest_route=\/wp\/v2\/types\/page"}],"author":[{"embeddable":true,"href":"https:\/\/stabiko.bildung-rp.de\/index.php?rest_route=\/wp\/v2\/users\/2"}],"replies":[{"embeddable":true,"href":"https:\/\/stabiko.bildung-rp.de\/index.php?rest_route=%2Fwp%2Fv2%2Fcomments&post=44"}],"version-history":[{"count":76,"href":"https:\/\/stabiko.bildung-rp.de\/index.php?rest_route=\/wp\/v2\/pages\/44\/revisions"}],"predecessor-version":[{"id":468,"href":"https:\/\/stabiko.bildung-rp.de\/index.php?rest_route=\/wp\/v2\/pages\/44\/revisions\/468"}],"wp:attachment":[{"href":"https:\/\/stabiko.bildung-rp.de\/index.php?rest_route=%2Fwp%2Fv2%2Fmedia&parent=44"}],"curies":[{"name":"wp","href":"https:\/\/api.w.org\/{rel}","templated":true}]}}