{"id":3,"date":"2021-10-11T12:37:29","date_gmt":"2021-10-11T10:37:29","guid":{"rendered":"https:\/\/stabiko.bildung-rp.de\/?page_id=3"},"modified":"2026-01-15T12:54:09","modified_gmt":"2026-01-15T11:54:09","slug":"datenschutzerklaerung","status":"publish","type":"page","link":"https:\/\/stabiko.bildung-rp.de\/?page_id=3","title":{"rendered":"Impressum"},"content":{"rendered":"\n<p><strong>Haftung f\u00fcr Inhalte<\/strong><\/p>\n\n\n\n<p>Die Inhalte unserer Seiten wurden mit gr\u00f6\u00dfter Sorgfalt erstellt.<br \/> F\u00fcr die Richtigkeit, Vollst\u00e4ndigkeit und Aktualit\u00e4t der Inhalte <br \/>k\u00f6nnen wir jedoch keine Gew\u00e4hr \u00fcbernehmen. Als Diensteanbieter sind wir gem\u00e4\u00df \u00a7 7 Abs.1 TMG f\u00fcr eigene Inhalte auf diesen Seiten nach den allgemeinen Gesetzen verantwortlich.<br \/>Nach \u00a7\u00a7 8 bis 10 TMG sind wir als Diensteanbieter jedoch nicht <br \/>verpflichtet, \u00fcbermittelte oder gespeicherte fremde Informationen zu <br \/>\u00fcberwachen oder nach Umst\u00e4nden zu forschen, die auf eine rechtswidrige<br \/> T\u00e4tigkeit hinweisen. Verpflichtungen zur Entfernung oder Sperrung der Nutzung von Informationen nach den allgemeinen Gesetzen bleiben hiervon unber\u00fchrt. Eine diesbez\u00fcgliche Haftung ist jedoch erst ab dem Zeitpunkt der Kenntnis einer konkreten Rechtsverletzung m\u00f6glich. Bei Bekanntwerden von entsprechenden Rechtsverletzungen werden wir diese Inhalte umgehend entfernen. Des Weiteren geben namentlich gekennzeichnete Inhalte die Meinung der jeweiligen Autorin\/des jeweiligen Autors wieder. Eine Verantwortung hierf\u00fcr seitens des Anbieters wird nicht \u00fcbernommen.<\/p>\n\n\n\n<p><strong>Haftung f\u00fcr Links<\/strong><\/p>\n\n\n\n<p>Unser Angebot enth\u00e4lt Links zu externen Webseiten Dritter, auf deren &nbsp;Inhalte wir keinen Einfluss haben. Deshalb k\u00f6nnen wir f\u00fcr diese <br \/>fremden Inhalte auch keine Gew\u00e4hr \u00fcbernehmen. F\u00fcr die Inhalte <br \/>der verlinkten Seiten ist stets der jeweilige Anbieter oder Betreiber der<br \/> Seiten verantwortlich. Die verlinkten Seiten wurden zum Zeitpunkt der Verlinkung auf m\u00f6gliche Rechtsverst\u00f6\u00dfe \u00fcberpr\u00fcft. Rechtswidrige<br \/> Inhalte waren zum Zeitpunkt der Verlinkung nicht erkennbar. Sie k\u00f6nnen nach diesem Zeitpunkt jedoch zu fremden Inhalten f\u00fchren, die wir nicht regelm\u00e4\u00dfig \u00fcberpr\u00fcfen k\u00f6nnen und f\u00fcr die wir keine Verantwortung \u00fcbernehmen. Eine permanente inhaltliche Kontrolle der verlinkten Seiten ist ohne konkrete Anhaltspunkte einer Rechtsverletzung nicht zumutbar. Bei Bekanntwerden von Rechtsverletzungen werden wir derartige Links umgehend entfernen. Dar\u00fcber hinaus wird darauf hingewiesen, dass alle Inhalte mit gr\u00f6\u00dfter Sorgfalt erstellt wurden, jedoch keine Gew\u00e4hr f\u00fcr Richtigkeit, Vollst\u00e4ndigkeit und Aktualit\u00e4t \u00fcbernommen werden kann.<\/p>\n\n\n\n<p>Hinweis: Mit dem Urteil vom 12. Mai 1998 hat das Landgericht Hamburg entschieden, dass man durch die Anbringung eines Links die Inhalte der gelinkten Seiten ggf. mit zu verantworten hat. Dies kann nur dadurch verhindert werden, dass man sich ausdr\u00fccklich von diesem Inhalt distanziert. F\u00fcr alle Links auf dieser Internetseite gilt: Wir distanzieren uns hiermit ausdr\u00fccklich von allen Inhalten aller gelinkten Seiten und machen uns diese Inhalte nicht zu eigen.<\/p>\n\n\n\n<p><strong>Urheberrecht<\/strong><\/p>\n\n\n\n<p>Diese Homepage ist urheberrechtlich gesch\u00fctzt. Die dadurch begr\u00fcndeten Rechte, insbesondere bez\u00fcglich der Verwendung der Texte, der Entnahme von Bildern und Grafiken oder der Vervielf\u00e4ltigung auf anderen Wegen und der Speicherung in Datenverarbeitungsanlagen bleiben, auch bei nur auszugsweiser Verwertung, vorbehalten. Die durch die Seitenbetreiber erstellten Inhalte und Werke auf diesen Seitenunterliegen dem deutschen Urheberrecht. Die Vervielf\u00e4ltigung, Bearbeitung, Verbreitung und jede Art der Verwertung au\u00dferhalb der Grenzen des Urheberrechtes bed\u00fcrfen der schriftlichen Zustimmung des jeweiligen Autors bzw. Erstellers. Downloads und Kopien dieser Seite sind nur f\u00fcr den privaten bzw. schulischen, aber nicht kommerziellen Gebrauch gestattet. Soweit die Inhalte auf dieser Seite nicht vom Betreiber erstellt wurden, werden die Urheberrechte Dritter beachtet. Insbesondere werden Inhalte Dritter als solche gekennzeichnet. Sollten Sie trotzdem auf eine Urheberrechtsverletzung aufmerksam werden, bitten wir um einen entsprechenden Hinweis. Bei Bekanntwerden von Rechtsverletzungen werden wir derartige Inhalte umgehend entfernen. Eine Vervielf\u00e4ltigung dieser Homepage oder von Teilen dieser Homepage ist auch im Einzelfall nur in den Grenzen des deutschen Urheberrechtsgesetzes in der jeweils geltenden Fassung zul\u00e4ssig. Sie ist grunds\u00e4tzlich verg\u00fctungspflichtig. Zuwiderhandlungen unterliegen den Strafbestimmungen des UrhG.<\/p>\n\n\n\n<p>\u00a9 Stadtbildstelle Koblenz 2025<\/p>\n\n\n\n<h2 class=\"wp-block-heading\"><strong>Datenschutzerkl\u00e4rung<\/strong><\/h2>\n\n\n\n<p>Die Inhalte unserer Seiten wurden mit gr\u00f6\u00dfter Sorgfalt erstellt. F\u00fcr die Richtigkeit, Vollst\u00e4ndigkeit und Aktualit\u00e4t der Inhalte k\u00f6nnen wir jedoch keine Gew\u00e4hr \u00fcbernehmen. Alle hier verwendeten Namen, Begriffe, Zeichen und Grafiken k\u00f6nnen Marken- oder Warenzeichen im Besitze ihrer rechtlichen Eigent\u00fcmer sein. Die Rechte aller erw\u00e4hnten und benutzten Marken- und Warenzeichen liegen ausschlie\u00dflich bei deren Besitzern.<\/p>\n\n\n\n<p>Die folgenden Hinweise geben im Sinne der europ\u00e4ischen Datenschutz-Grundverordnung (DGS-VO) einen verst\u00e4ndlichen \u00dcberblick dar\u00fcber, was mit Ihren Daten passiert, wenn Sie unsere Webseite besuchen.<\/p>\n\n\n\n<h3 class=\"wp-block-heading\"><strong>Verantwortliche Stelle<\/strong><\/h3>\n\n\n\n<p>Dieses Internet-Angebot wird von der<\/p>\n\n\n\n<p>Stadtbildstelle Koblenz<br \/>Leitung: Alexander Thomas<br \/><meta charset=\"utf-8\" \/>Brenderweg 23<br \/>56070 Koblenz<\/p>\n\n\n\n<p>als Verantwortlicher im Sinne der europ\u00e4ischen Datenschutz-Grundverordnung (DS-GVO), BDSG und LDSG RLP bereitgestellt. Die Kontaktdaten nach DGS-VO und LfDI RLP lauten: stabiko@pl.rlp.de.<\/p>\n\n\n\n<p>Wir nehmen den Schutz Ihrer pers\u00f6nlichen Daten sehr ernst. Wir behandeln Ihre Daten vertraulich und entsprechend der gesetzlichen Datenschutzvorschriften sowie dieser Datenschutzerkl\u00e4rung.<\/p>\n\n\n\n<h3 class=\"wp-block-heading\"><strong>Geltungsbereich dieser Erkl\u00e4rung<\/strong><\/h3>\n\n\n\n<p>Diese Datenschutzerkl\u00e4rung gilt f\u00fcr das Internet-Angebot www.stabiko.bildung-rp.de und die dort angebotenen eigenen Inhalte. F\u00fcr Inhalte anderer Anbieter, auf die z.B. \u00fcber Links verwiesen wird, gelten die dortigen Bestimmungen. Soweit aus unserem Angebot zu Inhalten anderer Anbieter verlinkt wird, ist dies anhand eine entsprechenden Kennzeichnung oder eines Texthinweises erkennbar.<\/p>\n\n\n\n<h3 class=\"wp-block-heading\">Verschl\u00fcsselung<\/h3>\n\n\n\n<p>Diese Seite nutzt aus Sicherheitsgr\u00fcnden und zum Schutz der \u00dcbertragung vertraulicher Inhalte, wie zum Beispiel Bestellungen oder Anfragen, die Sie an uns als Seitenbetreiber senden, eine SSL-bzw. TLS-Verschl\u00fcsselung. Eine verschl\u00fcsselte Verbindung erkennen Sie daran, dass die Adresszeile des Browsers von \u201chttp:\/\/\u201d auf \u201chttps:\/\/\u201d wechselt und an dem Schloss-Symbol in Ihrer Browserzeile.<\/p>\n\n\n\n<p>Wenn die SSL- bzw. TLS-Verschl\u00fcsselung aktiviert ist, k\u00f6nnen die Daten, die Sie an uns \u00fcbermitteln, nicht von Dritten mitgelesen werden.<\/p>\n\n\n\n<h3 class=\"wp-block-heading\">Welche Daten werden erfasst und warum?<\/h3>\n\n\n\n<p>Im Rahmen eines Zugriffs auf unser Angebot werden folgende Angaben erfasst:<\/p>\n\n\n\n<ul class=\"wp-block-list\">\n<li>IP-Adresse des Computers, von dem die Anfrage abgeschickt wurde,<\/li>\n\n\n\n<li>Browser-Informationen (genutzter Web-Browser, Betriebssystem, Spracheinstellung, etc.),<\/li>\n\n\n\n<li>Angaben \u00fcber den genutzten Serverdienst,<\/li>\n\n\n\n<li>Name der abgerufenen Datei bzw. Angebotsseite (URL),<\/li>\n\n\n\n<li>Datum und Uhrzeit des Zugriffs,<\/li>\n\n\n\n<li>\u00fcbertragene Datenmengen,<\/li>\n\n\n\n<li>Statusangaben (z.B. Fehlermeldungen).<\/li>\n<\/ul>\n\n\n\n<p>Diese sind zun\u00e4chst erforderlich, um eine fehlerfreie Bereitstellung der Website zu gew\u00e4hrleisten. Es besteht daher seitens der Nutzer keine Widerspruchsm\u00f6glichkeit.<\/p>\n\n\n\n<p>Die Verarbeitung dieser Daten erfolgt auf der Grundlage von Art. 6 Abs. 1 Buchstabe e, Abs. 2, Abs. 3 Buchstabe b DS-GVO i.V.m. \u00a7 3 Landesdatenschutzgesetz Rheinland-Pfalz (LDSG) und \u00a7 1 Landesgesetz \u00fcber die Errichtung des Landesbetriebs Daten und Information unter Ber\u00fccksichtigung des Erw\u00e4gungsgrundes 49 der DS-GVO.<\/p>\n\n\n\n<h3 class=\"wp-block-heading\">Daten, die wir von Ihnen erfragen<\/h3>\n\n\n\n<p>Ihre Daten werden zum einen dadurch erhoben, dass Sie uns diese mitteilen. Hierbei kann es sich z.B. um Daten handeln, die Sie in ein Kontaktformular eingeben. Wenn Sie uns per Kontaktformular Anfragen zukommen lassen, werden Ihre Angaben aus dem Anfrageformular inklusive der von Ihnen dort angegebenen Kontaktdaten zwecks Bearbeitung der Anfrage und f\u00fcr den Fall von Anschlussfragen bei uns gespeichert.<\/p>\n\n\n\n<p>Diese Daten werden nicht an Dritte weitergegeben.<\/p>\n\n\n\n<p>Sie haben das Recht, zu den in diesem Zusammenhang zu Ihrer Person gespeicherten Daten Auskunft zu verlangen (s.u.) sowie bei Vorliegen der Voraussetzungen das Recht zur Berichtigung und ggf. L\u00f6schung Ihrer Daten.<\/p>\n\n\n\n<h3 class=\"wp-block-heading\">Minderj\u00e4hrigenschutz<\/h3>\n\n\n\n<p>Kinder und Personen unter 18 Jahren sollten ohne Zustimmung der Eltern oder Erziehungsberechtigten keine personenbezogenen Daten an uns \u00fcbermitteln. Wir fordern keine personenbezogenen Daten von Kindern an, sammeln diese nicht und geben sie nicht an Dritte weiter.<\/p>\n\n\n\n<h3 class=\"wp-block-heading\">Auskunftsrecht<\/h3>\n\n\n\n<p>Da wir nur im vorstehend geschilderten Umfang Daten von Ihnen und \u00fcber Sie erheben, liegen uns aus der Nutzung unseres Angebots nur dann Informationen zu Ihrer Person vor, wenn Sie sich \u00fcber die Online-Services an uns gewandt und dabei entsprechende Angaben gemacht haben. Sie haben jederzeit das Recht unentgeltlich Auskunft \u00fcber Herkunft, Empf\u00e4nger und Zweck Ihrer gespeicherten personenbezogenen Daten zu erhalten. Sie haben au\u00dferdem ein Recht, die Berichtigung, Sperrung oder L\u00f6schung dieser Daten zu verlangen.<\/p>\n\n\n\n<h3 class=\"wp-block-heading\">Widerruf Ihrer Einwilligung zur Datenverarbeitung<\/h3>\n\n\n\n<p>Viele Datenverarbeitungsvorg\u00e4nge sind nur mit Ihrer ausdr\u00fccklichen Einwilligung m\u00f6glich. Sie k\u00f6nnen eine bereits erteilte Einwilligung jederzeit widerrufen. Dazu reicht eine formlose Mitteilung per E-Mail an uns (s.o).<\/p>\n\n\n\n<h3 class=\"wp-block-heading\">Recht auf Berichtigung<\/h3>\n\n\n\n<p>Sofern Ihre Person betreffende Daten unrichtig sind, haben Sie das Recht, deren Berichtigung zu verlangen (Art. 16 DS-GVO).<\/p>\n\n\n\n<h3 class=\"wp-block-heading\">Recht auf Einschr\u00e4nkung der Verarbeitung<\/h3>\n\n\n\n<p>Unter den Voraussetzungen des Art. 18 DS-GVO haben Sie das Recht, eine Einschr\u00e4nkung der Verarbeitung der Sie betreffenden Daten zu verlangen.<\/p>\n\n\n\n<h3 class=\"wp-block-heading\">Recht auf L\u00f6schung<\/h3>\n\n\n\n<p>Unter den in Art. 17 DS-GVO genannten Voraussetzungen haben Sie das Recht, eine L\u00f6schung der Sie betreffenden personenbezogenen Daten zu verlangen. Dies ist z.B der Fall, wenn Sie eine erteilte Einwilligung widerrufen oder die Daten f\u00fcr die Zwecke, f\u00fcr die sie erhoben wurden nicht mehr erforderlich sind.<\/p>\n\n\n\n<h3 class=\"wp-block-heading\">Beschwerde<\/h3>\n\n\n\n<p>Wenn Sie der Auffassung sind, dass die Verarbeitung Ihre Person betreffender Daten datenschutzrechtlichen Vorschriften widerspricht, haben Sie neben der M\u00f6glichkeit, unseren Datenschutzbeauftragten (Kontakt: T. Moog) anzusprechen auch die M\u00f6glichkeit einer Beschwerde beim Landesbeauftragten f\u00fcr den Datenschutz und die Informationsfreiheit (LfDI) Rheinland-Pfalz (Kontaktdaten finden Sie hier:&nbsp;<a href=\"https:\/\/www.datenschutz.rlp.de\/de\/startseite\/\">www.datenschutz.rlp.de\/de\/startseite\/<\/a>)<\/p>\n\n\n\n<h3 class=\"wp-block-heading\">Cookies<\/h3>\n\n\n\n<p>Im Rahmen des f\u00fcr die Bereitstellung des Angebots genutzten Content Management Systems kommen sogenannte \u201eSession-Cookies\u201c zum Einsatz; diese sind erforderlich, um bestimmte Inhalte in der gew\u00fcnschten Art und Weise bereit zu stellen. Diese Session-Cookies werden nach dem Schlie\u00dfen Ihres Browser gel\u00f6scht. Andere Cookies bleiben auf Ihrem Endger\u00e4t gespeichert bis Sie diese l\u00f6schen. Diese Cookies erm\u00f6glichen es uns, Ihren Browser beim n\u00e4chsten Besuch wiederzuerkennen. Sie k\u00f6nnen in Ihrem Browser festlegen, ob Sie Cookies zulassen oder nicht und Sie k\u00f6nnen Sie jederzeit l\u00f6schen.<\/p>\n\n\n\n<p>Die Inhalte unserer Seiten wurden mit gr\u00f6\u00dfter Sorgfalt erstellt. F\u00fcr die Richtigkeit, Vollst\u00e4ndigkeit und Aktualit\u00e4t der Inhalte k\u00f6nnen wir jedoch keine Gew\u00e4hr \u00fcbernehmen. Alle hier verwendeten Namen, Begriffe, Zeichen und Grafiken k\u00f6nnen Marken- oder Warenzeichen im Besitze ihrer rechtlichen Eigent\u00fcmer sein. Die Rechte aller erw\u00e4hnten und benutzten Marken- und Warenzeichen liegen ausschlie\u00dflich bei deren Besitzern.<\/p>\n\n\n\n<p>Trotz sorgf\u00e4ltiger inhaltlicher Kontrolle \u00fcbernehmen wir keine Haftung f\u00fcr die Inhalte externer Links. F\u00fcr den Inhalt der verlinkten Seiten sind ausschlie\u00dflich deren Betreiber verantwortlich.Die verlinkten Seiten wurden zum Zeitpunkt der Verlinkung auf m\u00f6gliche Rechtsverst\u00f6\u00dfe \u00fcberpr\u00fcft. Rechtswidrige Inhalte waren zum Zeitpunkt der Verlinkung nicht erkennbar. Eine permanente inhaltliche Kontrolle der verlinkten Seiten ist jedoch ohne konkrete Anhaltspunkte einer Rechtsverletzung nicht zumutbar. Bei Bekanntwerden von Rechtsverletzungen werden wir derartige Links umgehend entfernen.<\/p>\n\n\n\n<p>Die durch die Seitenbetreiber erstellten Inhalte und Werke auf diesen Seiten unterliegen dem deutschen Urheberrecht. Die Vervielf\u00e4ltigung, Bearbeitung, Verbreitung und jede Art der Verwertung au\u00dferhalb der Grenzen des Urheberrechtes bed\u00fcrfen der schriftlichen Zustimmung des jeweiligen Autors bzw. Erstellers. Downloads und Kopien dieser Seite sind nur f\u00fcr den privaten, nicht kommerziellen Gebrauch gestattet. Soweit die Inhalte auf dieser Seite nicht vom Betreiber erstellt wurden, werden die Urheberrechte Dritter beachtet. Insbesondere werden Inhalte Dritter als solche gekennzeichnet. Sollten Sie trotzdem auf eine Urheberrechtsverletzung aufmerksam werden, bitten wir um einen entsprechenden Hinweis. Bei Bekanntwerden von Rechtsverletzungen werden wir derartige Inhalte umgehend entfernen.<\/p>\n\n\n\n<p>Die Nutzung unserer Webseite ist in der Regel ohne Angabe personenbezogener Daten m\u00f6glich. Soweit auf unseren Seiten personenbezogene Daten (beispielsweise Name, Anschrift oder eMail-Adressen) erhoben werden, erfolgt dies, soweit m\u00f6glich, stets auf freiwilliger Basis. Diese Daten werden ohne Ihre ausdr\u00fcckliche Zustimmung nicht an Dritte weitergegeben.<\/p>\n\n\n\n<p>Wir weisen darauf hin, dass die Daten\u00fcbertragung im Internet (z.B. bei der Kommunikation per E-Mail) Sicherheitsl\u00fccken aufweisen kann. Ein l\u00fcckenloser Schutz der Daten vor dem Zugriff durch Dritte ist nicht m\u00f6glich.<\/p>\n","protected":false},"excerpt":{"rendered":"<p>Haftung f\u00fcr Inhalte Die Inhalte unserer Seiten wurden mit gr\u00f6\u00dfter Sorgfalt erstellt. F\u00fcr die Richtigkeit, Vollst\u00e4ndigkeit und Aktualit\u00e4t der Inhalte k\u00f6nnen wir jedoch keine Gew\u00e4hr \u00fcbernehmen. Als Diensteanbieter sind wir gem\u00e4\u00df \u00a7 7 Abs.1 TMG f\u00fcr eigene Inhalte auf diesen Seiten nach den allgemeinen Gesetzen verantwortlich.Nach \u00a7\u00a7 8 bis 10 TMG sind wir als Diensteanbieter &hellip;<\/p>\n<p class=\"read-more\"> <a class=\"\" href=\"https:\/\/stabiko.bildung-rp.de\/?page_id=3\"> <span class=\"screen-reader-text\">Impressum<\/span> Weiterlesen &raquo;<\/a><\/p>\n","protected":false},"author":1,"featured_media":0,"parent":0,"menu_order":0,"comment_status":"closed","ping_status":"open","template":"","meta":{"site-sidebar-layout":"default","site-content-layout":"default","ast-global-header-display":"","ast-main-header-display":"","ast-hfb-above-header-display":"","ast-hfb-below-header-display":"","ast-hfb-mobile-header-display":"","site-post-title":"","ast-breadcrumbs-content":"","ast-featured-img":"","footer-sml-layout":"","theme-transparent-header-meta":"","adv-header-id-meta":"","stick-header-meta":"","header-above-stick-meta":"","header-main-stick-meta":"","header-below-stick-meta":"","spay_email":""},"_links":{"self":[{"href":"https:\/\/stabiko.bildung-rp.de\/index.php?rest_route=\/wp\/v2\/pages\/3"}],"collection":[{"href":"https:\/\/stabiko.bildung-rp.de\/index.php?rest_route=\/wp\/v2\/pages"}],"about":[{"href":"https:\/\/stabiko.bildung-rp.de\/index.php?rest_route=\/wp\/v2\/types\/page"}],"author":[{"embeddable":true,"href":"https:\/\/stabiko.bildung-rp.de\/index.php?rest_route=\/wp\/v2\/users\/1"}],"replies":[{"embeddable":true,"href":"https:\/\/stabiko.bildung-rp.de\/index.php?rest_route=%2Fwp%2Fv2%2Fcomments&post=3"}],"version-history":[{"count":16,"href":"https:\/\/stabiko.bildung-rp.de\/index.php?rest_route=\/wp\/v2\/pages\/3\/revisions"}],"predecessor-version":[{"id":484,"href":"https:\/\/stabiko.bildung-rp.de\/index.php?rest_route=\/wp\/v2\/pages\/3\/revisions\/484"}],"wp:attachment":[{"href":"https:\/\/stabiko.bildung-rp.de\/index.php?rest_route=%2Fwp%2Fv2%2Fmedia&parent=3"}],"curies":[{"name":"wp","href":"https:\/\/api.w.org\/{rel}","templated":true}]}}