{"id":2,"date":"2021-10-07T09:59:28","date_gmt":"2021-10-07T07:59:28","guid":{"rendered":"https:\/\/stabiko.bildung-rp.de\/?page_id=2"},"modified":"2026-01-15T12:52:09","modified_gmt":"2026-01-15T11:52:09","slug":"beispiel-seite","status":"publish","type":"page","link":"https:\/\/stabiko.bildung-rp.de\/?page_id=2","title":{"rendered":"Ausleihe und Angebote"},"content":{"rendered":"\n<p>Hallo! Wir, die Stadtbildstelle Koblenz, sind Ihr Ansprechpartner f\u00fcr medienp\u00e4dagogische Arbeit in Koblenz!<\/p>\n\n\n\n<h2 class=\"wp-block-heading\">Was wir bieten:<\/h2>\n\n\n\n<h3 class=\"wp-block-heading\"><strong>Medienverleih f\u00fcr Schulen<\/strong> <strong>und andere Bildungseinrichtungen<\/strong><\/h3>\n\n\n\n<ul class=\"wp-block-list\">\n<li>25x iPad + digitale Stifte<\/li>\n\n\n\n<li>2x Beamer<\/li>\n\n\n\n<li>6x WeDo 2.0<\/li>\n\n\n\n<li>6x Lego Spike Prime<\/li>\n\n\n\n<li>6x Lego Spike Essential<\/li>\n\n\n\n<li>5x Stativ f\u00fcr iPad<\/li>\n\n\n\n<li>1x GoPro Fusion 360<\/li>\n\n\n\n<li>1x 3D-Drucker: Ultimaker 3<\/li>\n\n\n\n<li>13x Osmo-StarterKit und Coding<\/li>\n\n\n\n<li>10x Turing Tumble<\/li>\n\n\n\n<li>2x Klassensatz Calliope 2.0<\/li>\n<\/ul>\n\n\n\n<p>______________________________________<\/p>\n\n\n\n<h2 class=\"wp-block-heading\"><strong>Fortbildungen<\/strong>\/ Workshops an Schulen und Kitas<\/h2>\n\n\n\n<p><strong>Themenschwerpunkte:<\/strong><\/p>\n\n\n\n<ul class=\"wp-block-list\">\n<li>iPad Basics<\/li>\n\n\n\n<li>iPads im Fachunterricht <\/li>\n\n\n\n<li>iPad als Lehrerger\u00e4t<\/li>\n\n\n\n<li>Schulung digitale Tafel\/ interaktiver Beamer<\/li>\n\n\n\n<li>Schulcampus\/ Bildungsportal<\/li>\n\n\n\n<li>Calliope<\/li>\n\n\n\n<li>LEGO WeDo 2.0<\/li>\n\n\n\n<li>LEGO Spike Prime und Essential<\/li>\n\n\n\n<li>Osmo und andere Codings<\/li>\n\n\n\n<li>iServ<\/li>\n<\/ul>\n\n\n\n<h2 class=\"wp-block-heading\">Individuelle <strong>Beratung medienp\u00e4dagogischer Arbeit und bei Anschaffungen von Medien<\/strong> und Ger\u00e4ten an ihrer Bildungseinrichtung<\/h2>\n\n\n\n<p><\/p>\n\n\n\n<p><\/p>\n","protected":false},"excerpt":{"rendered":"<p>Hallo! Wir, die Stadtbildstelle Koblenz, sind Ihr Ansprechpartner f\u00fcr medienp\u00e4dagogische Arbeit in Koblenz! Was wir bieten: Medienverleih f\u00fcr Schulen und andere Bildungseinrichtungen ______________________________________ Fortbildungen\/ Workshops an Schulen und Kitas Themenschwerpunkte: Individuelle Beratung medienp\u00e4dagogischer Arbeit und bei Anschaffungen von Medien und Ger\u00e4ten an ihrer Bildungseinrichtung<\/p>\n","protected":false},"author":2,"featured_media":0,"parent":0,"menu_order":0,"comment_status":"closed","ping_status":"open","template":"","meta":{"site-sidebar-layout":"default","site-content-layout":"default","ast-global-header-display":"","ast-main-header-display":"","ast-hfb-above-header-display":"","ast-hfb-below-header-display":"","ast-hfb-mobile-header-display":"","site-post-title":"","ast-breadcrumbs-content":"","ast-featured-img":"","footer-sml-layout":"","theme-transparent-header-meta":"","adv-header-id-meta":"","stick-header-meta":"","header-above-stick-meta":"","header-main-stick-meta":"","header-below-stick-meta":"","spay_email":""},"_links":{"self":[{"href":"https:\/\/stabiko.bildung-rp.de\/index.php?rest_route=\/wp\/v2\/pages\/2"}],"collection":[{"href":"https:\/\/stabiko.bildung-rp.de\/index.php?rest_route=\/wp\/v2\/pages"}],"about":[{"href":"https:\/\/stabiko.bildung-rp.de\/index.php?rest_route=\/wp\/v2\/types\/page"}],"author":[{"embeddable":true,"href":"https:\/\/stabiko.bildung-rp.de\/index.php?rest_route=\/wp\/v2\/users\/2"}],"replies":[{"embeddable":true,"href":"https:\/\/stabiko.bildung-rp.de\/index.php?rest_route=%2Fwp%2Fv2%2Fcomments&post=2"}],"version-history":[{"count":49,"href":"https:\/\/stabiko.bildung-rp.de\/index.php?rest_route=\/wp\/v2\/pages\/2\/revisions"}],"predecessor-version":[{"id":482,"href":"https:\/\/stabiko.bildung-rp.de\/index.php?rest_route=\/wp\/v2\/pages\/2\/revisions\/482"}],"wp:attachment":[{"href":"https:\/\/stabiko.bildung-rp.de\/index.php?rest_route=%2Fwp%2Fv2%2Fmedia&parent=2"}],"curies":[{"name":"wp","href":"https:\/\/api.w.org\/{rel}","templated":true}]}}